{"id":38,"date":"2012-11-12T21:56:07","date_gmt":"2012-11-12T19:56:07","guid":{"rendered":"http:\/\/server1.nidelius.com\/?page_id=38"},"modified":"2024-08-08T08:14:34","modified_gmt":"2024-08-08T07:14:34","slug":"information-en","status":"publish","type":"page","link":"http:\/\/www.boskestorp.se\/?page_id=38&lang=en","title":{"rendered":"Information"},"content":{"rendered":"<h3><strong>B\u00f6skestorp Ranch<\/strong><\/h3>\n<p><strong>B\u00f6skestorps stugby<\/strong>\u00a0has four 37 square meter cabins located on \u201dHallands\u00e5sen\u201d. The cottages are located on Hallands\u00e5sen 7km from B\u00e5stad, view over Kullahalv\u00f6n and the sea! The 4 cottages are suitable for disabled. They contains 6 sleeping spots, 4 beds, 2 additional beds, 37 square meters, 2 rooms+cuisines+veranda with garden furniture. One bedroom has two singel beds, the other bedroom has a floor bed. In the all-room, there is a bed sofa with place for 2 pers. The kitchen contains stove, oven, refrigerator, fridge, coffeemaker, TV. Shower\/lavatory in every cottage. In connection with the cottage, washing- and drier machine exists, outdoor grill and playground for children. Good walkingpaths and Sk\u00e5neleden goes just outside. It\u2019s close to the sea and beaches 5-7 km to nearest. Around 7 km to B\u00e5stad, approximately 14 km to Torekov and approximately 18 km to \u00c4ngelholm makes B\u00f6skestorp a perfect startpoint for your visit in Bj\u00e4rehalv\u00f6n. There are many golfcources on and around Bj\u00e4re further down you can read more about them.<\/p>\n<p>B\u00f6skestorp cottages is also close to the southern ski area in Sweden\u00a0<a href=\"http:\/\/www.vallasen.se\/\" target=\"_blank\" rel=\"noopener\">Vall\u00e5sen<\/a>\u00a0and\u00a0<a href=\"https:\/\/kungsbygget.com\/\" target=\"_blank\" rel=\"noopener\">Kungsbygget<\/a> adventure park, where they have something called &#8220;sommarrodel&#8221; look at the homepage for more information. <a href=\"http:\/\/www.skaneleden.org\/\">&#8220;Sk\u00e5neleden&#8221;<\/a>\u00a0a walk path trough Sk\u00e5ne also runs right by so you can easily walk in the beautiful surroundings. In Torekov you can take the ferry to the island \u201dHallandsv\u00e4der\u00f6\u201d, witch is a well-known tourist attraction and nature reserve.<\/p>\n<table>\n<tbody>\n<tr>\n<th colspan=\"2\">\n<h3>Do you play golf?<\/h3>\n<\/th>\n<\/tr>\n<tr>\n<td>Closest golfcourses within the municipalities only around 5-9 km away:<\/p>\n<ul>\n<li><a href=\"http:\/\/www.bgk.se\/\" target=\"_blank\" rel=\"noopener\">B\u00e5stad GK<\/a><\/li>\n<li><a href=\"http:\/\/www.akgk.se\/\" target=\"_blank\" rel=\"noopener\">\u00c5kag\u00e5rdens GK<\/a><\/li>\n<li><a href=\"http:\/\/www.bjaregolfklubb.se\/\" target=\"_blank\" rel=\"noopener\">Bj\u00e4re GK<\/a><\/li>\n<li><a href=\"http:\/\/www.golf.se\/golfklubbar\/sonnertorpsgk\/\" target=\"_blank\" rel=\"noopener\">S\u00f6nnertorps GK<\/a><\/li>\n<\/ul>\n<p>Further away in B\u00e5stad municipalities around 14 km, Torekov:<\/p>\n<ul>\n<li><a href=\"http:\/\/www.togk.se\/extra\/pod\/\" target=\"_blank\" rel=\"noopener\">Torekovs GK<\/a><\/li>\n<li><a href=\"http:\/\/www.appelgarden.se\/\" target=\"_blank\" rel=\"noopener\">\u00c4ppelg\u00e5rdens GK<\/a><\/li>\n<\/ul>\n<div>Neighboring municipalities 18 km &#8211; 40 km, \u00c4ngelholm, Laholm, H\u00f6gan\u00e4s:<\/div>\n<ul>\n<li><a href=\"http:\/\/www.angelholmsgk.se\/extra\/pod\/\" target=\"_blank\" rel=\"noopener\">\u00c4ngelholms GK<\/a><\/li>\n<li><a title=\"Skogaby Golfklubb\" href=\"http:\/\/www.skogabygk.se\">Skogaby GK<\/a><\/li>\n<li><a title=\"Laholms GK\" href=\"http:\/\/www.laholmsgk.se\/\">Laholms GK<\/a><\/li>\n<li><a title=\"S:t Arilds Golfklubb\" href=\"http:\/\/www.starild.se\">S:t Arilds GK<\/a><\/li>\n<li><a title=\"Allerum Golfklubb\" href=\"http:\/\/www.allerumgk.nu\/\">Allerums GK<\/a><\/li>\n<li><a title=\"Lydinge Golfklubb\" href=\"http:\/\/www.lydingegk.se\/\">Lydinge GK<\/a><\/li>\n<\/ul>\n<\/td>\n<td><iframe loading=\"lazy\" src=\"https:\/\/maps.google.se\/maps\/ms?msa=0&amp;msid=214238738941205891642.0004ce886727e5e8a7e37&amp;hl=sv&amp;ie=UTF8&amp;t=m&amp;source=embed&amp;ll=56.529199,12.843018&amp;spn=0.530173,1.098633&amp;z=9&amp;iwloc=0004ce88714e0386a715e&amp;output=embed\" width=\"400\" height=\"350\" frameborder=\"0\" marginwidth=\"0\" marginheight=\"0\" scrolling=\"no\"><\/iframe><br \/>\n<small>Visa <a style=\"color: #000000; text-align: left;\" href=\"https:\/\/maps.google.se\/maps\/ms?msa=0&amp;msid=214238738941205891642.0004ce886727e5e8a7e37&amp;hl=sv&amp;ie=UTF8&amp;t=m&amp;source=embed&amp;ll=56.529199,12.843018&amp;spn=0.530173,1.098633&amp;z=9&amp;iwloc=0004ce88714e0386a715e\">Golfbanor n\u00e4ra B\u00f6skestorp stugby<\/a> p\u00e5 en st\u00f6rre karta<\/small><\/td>\n<\/tr>\n<\/tbody>\n<\/table>\n<p>B\u00f6skestorp stugby is your perfect summer and winter accommodation stop!<\/p>\n<p>Our facility is open year round!<\/p>\n<p><strong>Directions can be found under <a title=\"Contact\" href=\"http:\/\/server1.nidelius.com\/en\/contact\/\">Contact<\/a><\/strong><\/p>\n","protected":false},"excerpt":{"rendered":"<p>B\u00f6skestorp Ranch B\u00f6skestorps stugby\u00a0has four 37 square meter cabins located on \u201dHallands\u00e5sen\u201d. The cottages are located on Hallands\u00e5sen 7km from B\u00e5stad, view over Kullahalv\u00f6n and the sea! The 4 cottages are suitable for disabled. They contains 6 sleeping spots, 4 beds, 2 additional beds, 37 square meters, 2 rooms+cuisines+veranda with garden furniture. One bedroom has two singel beds, the other bedroom has a floor bed. In the all-room, there is a bed sofa with place for 2 pers. The kitchen contains stove, oven, refrigerator, fridge, coffeemaker, TV. Shower\/lavatory in every cottage. In connection with the cottage, washing- and drier machine exists, outdoor grill and playground for children. Good walkingpaths and Sk\u00e5neleden goes just outside. It\u2019s close to the sea and beaches 5-7 km to nearest. Around 7 km to B\u00e5stad, approximately 14 km to Torekov and approximately 18 km to \u00c4ngelholm makes B\u00f6skestorp a perfect startpoint for your visit in Bj\u00e4rehalv\u00f6n. There are many golfcources on and around Bj\u00e4re further down you can read more about them. B\u00f6skestorp cottages is also close to the southern ski area in Sweden\u00a0Vall\u00e5sen\u00a0and\u00a0Kungsbygget adventure park, where they have something called &#8220;sommarrodel&#8221; look at the homepage for more information. &#8220;Sk\u00e5neleden&#8221;\u00a0a walk path trough Sk\u00e5ne also runs right by so you can easily walk in the beautiful surroundings. In Torekov you can take the ferry to the island \u201dHallandsv\u00e4der\u00f6\u201d, witch is a well-known tourist attraction and nature reserve. Do you play golf? Closest golfcourses within the municipalities only around 5-9 km away: B\u00e5stad GK \u00c5kag\u00e5rdens GK <a class=\"read-more\" href=\"http:\/\/www.boskestorp.se\/?page_id=38&#038;lang=en\">Continue Reading &#8594;<\/a><\/p>\n","protected":false},"author":1,"featured_media":0,"parent":0,"menu_order":0,"comment_status":"open","ping_status":"open","template":"","meta":[],"_links":{"self":[{"href":"http:\/\/www.boskestorp.se\/index.php?rest_route=\/wp\/v2\/pages\/38"}],"collection":[{"href":"http:\/\/www.boskestorp.se\/index.php?rest_route=\/wp\/v2\/pages"}],"about":[{"href":"http:\/\/www.boskestorp.se\/index.php?rest_route=\/wp\/v2\/types\/page"}],"author":[{"embeddable":true,"href":"http:\/\/www.boskestorp.se\/index.php?rest_route=\/wp\/v2\/users\/1"}],"replies":[{"embeddable":true,"href":"http:\/\/www.boskestorp.se\/index.php?rest_route=%2Fwp%2Fv2%2Fcomments&post=38"}],"version-history":[{"count":7,"href":"http:\/\/www.boskestorp.se\/index.php?rest_route=\/wp\/v2\/pages\/38\/revisions"}],"predecessor-version":[{"id":367,"href":"http:\/\/www.boskestorp.se\/index.php?rest_route=\/wp\/v2\/pages\/38\/revisions\/367"}],"wp:attachment":[{"href":"http:\/\/www.boskestorp.se\/index.php?rest_route=%2Fwp%2Fv2%2Fmedia&parent=38"}],"curies":[{"name":"wp","href":"https:\/\/api.w.org\/{rel}","templated":true}]}}